{"id":8,"date":"2023-10-24T06:59:17","date_gmt":"2023-10-24T06:59:17","guid":{"rendered":"https:\/\/staging.zdenka-fojtl.de\/?page_id=8"},"modified":"2023-10-27T10:24:21","modified_gmt":"2023-10-27T10:24:21","slug":"start","status":"publish","type":"page","link":"https:\/\/staging.zdenka-fojtl.de\/","title":{"rendered":"Start"},"content":{"rendered":"<div>\n<div tabindex=\"-1\" style=\"position: fixed; inset: 0px 0px auto; z-index: 2147483647; width: 100%;\" id=\"malwarebytes-root\"><\/div>\n<h2><strong>DOLMETSCHERDIENSTE<\/strong><\/h2>\n<ul>\n<li>Konferenzdolmetschen ( simultan und konsekutiv)<\/li>\n<li>Verhandlungsdolmetschen<\/li>\n<li>Gerichtsdolmetschen<\/li>\n<\/ul>\n<p>Beeidigt als Urkunden\u00fcbersetzerin und Verhandlungsdolmetscherin<br \/>f\u00fcr die tschechische, slowakische und russische Sprache<br \/>beim Landgericht Heidelberg (Gesch\u00e4fts-Nr. E 313\/2 \u2013 468)<\/p>\n<\/div>\n<p><!--more--><br \/>\n<!-- {\"type\":\"layout\",\"children\":[{\"type\":\"section\",\"props\":{\"height\":\"expand\",\"image\":\"wp-content\\\/uploads\\\/2023\\\/10\\\/Zdenka_1.jpg\",\"image_position\":\"center-left\",\"image_size\":\"contain\",\"overlap\":true,\"padding\":\"xsmall\",\"style\":\"default\",\"title_breakpoint\":\"xl\",\"title_position\":\"top-left\",\"title_rotation\":\"left\",\"vertical_align\":\"middle\",\"width\":\"expand\"},\"children\":[{\"type\":\"row\",\"children\":[{\"type\":\"column\",\"props\":{\"image_position\":\"center-center\",\"position_sticky_breakpoint\":\"m\",\"width_medium\":\"2-5\"}},{\"type\":\"column\",\"props\":{\"image_position\":\"center-center\",\"position_sticky_breakpoint\":\"m\",\"width_medium\":\"3-5\"},\"children\":[{\"type\":\"text\",\"props\":{\"block_align\":\"right\",\"column_breakpoint\":\"m\",\"content\":\"\n\n<div tabindex=\\\"-1\\\" style=\\\"position: fixed; inset: 0px 0px auto; z-index: 2147483647; width: 100%;\\\" id=\\\"malwarebytes-root\\\"><\\\/div>\\n\n\n<h2><strong>DOLMETSCHERDIENSTE<\\\/strong><\\\/h2>\\n\n\n<ul>\\n\n\n<li>Konferenzdolmetschen ( simultan und konsekutiv)<\\\/li>\\n\n\n<li>Verhandlungsdolmetschen<\\\/li>\\n\n\n<li>Gerichtsdolmetschen<\\\/li>\\n<\\\/ul>\\n\n\n<p>Beeidigt als Urkunden\\u00fcbersetzerin und Verhandlungsdolmetscherin<br \\\/>f\\u00fcr die tschechische, slowakische und russische Sprache<br \\\/>beim Landgericht Heidelberg (Gesch\\u00e4fts-Nr. E 313\\\/2 \\u2013 468)<\\\/p>\",\"margin\":\"default\",\"margin_remove_bottom\":false,\"margin_remove_top\":false,\"maxwidth\":\"2xlarge\",\"text_color\":\"emphasis\"}}]}],\"props\":{\"column_gap\":\"collapse\",\"layout\":\"2-5,3-5\",\"margin\":\"xlarge\",\"row_gap\":\"large\",\"width\":\"xlarge\",\"width_expand\":\"right\"}}]}],\"version\":\"4.1.5\"} --><\/p>\n","protected":false},"excerpt":{"rendered":"<p>DOLMETSCHERDIENSTE Konferenzdolmetschen ( simultan und konsekutiv) Verhandlungsdolmetschen Gerichtsdolmetschen Beeidigt als Urkunden\u00fcbersetzerin und Verhandlungsdolmetscherinf\u00fcr die tschechische, slowakische und russische Sprachebeim Landgericht Heidelberg (Gesch\u00e4fts-Nr. E 313\/2 \u2013 468)<\/p>\n","protected":false},"author":1,"featured_media":0,"parent":0,"menu_order":0,"comment_status":"closed","ping_status":"closed","template":"","meta":{"footnotes":""},"class_list":["post-8","page","type-page","status-publish","hentry"],"yoast_head":"<!-- This site is optimized with the Yoast SEO plugin v21.4 - https:\/\/yoast.com\/wordpress\/plugins\/seo\/ -->\n<title>Start - Zdenka Fojtl<\/title>\n<meta name=\"robots\" content=\"index, follow, max-snippet:-1, max-image-preview:large, max-video-preview:-1\" \/>\n<link rel=\"canonical\" href=\"https:\/\/staging.zdenka-fojtl.de\/\" \/>\n<meta property=\"og:locale\" content=\"de_DE\" \/>\n<meta property=\"og:type\" content=\"article\" \/>\n<meta property=\"og:title\" content=\"Start - Zdenka Fojtl\" \/>\n<meta property=\"og:description\" content=\"DOLMETSCHERDIENSTE Konferenzdolmetschen ( simultan und konsekutiv) Verhandlungsdolmetschen Gerichtsdolmetschen Beeidigt als Urkunden\u00fcbersetzerin und Verhandlungsdolmetscherinf\u00fcr die tschechische, slowakische und russische Sprachebeim Landgericht Heidelberg (Gesch\u00e4fts-Nr. E 313\/2 \u2013 468)\" \/>\n<meta property=\"og:url\" content=\"https:\/\/staging.zdenka-fojtl.de\/\" \/>\n<meta property=\"og:site_name\" content=\"Zdenka Fojtl\" \/>\n<meta property=\"article:modified_time\" content=\"2023-10-27T10:24:21+00:00\" \/>\n<meta name=\"twitter:card\" content=\"summary_large_image\" \/>\n<script type=\"application\/ld+json\" class=\"yoast-schema-graph\">{\"@context\":\"https:\/\/schema.org\",\"@graph\":[{\"@type\":\"WebPage\",\"@id\":\"https:\/\/staging.zdenka-fojtl.de\/\",\"url\":\"https:\/\/staging.zdenka-fojtl.de\/\",\"name\":\"Start - Zdenka Fojtl\",\"isPartOf\":{\"@id\":\"https:\/\/staging.zdenka-fojtl.de\/#website\"},\"datePublished\":\"2023-10-24T06:59:17+00:00\",\"dateModified\":\"2023-10-27T10:24:21+00:00\",\"breadcrumb\":{\"@id\":\"https:\/\/staging.zdenka-fojtl.de\/#breadcrumb\"},\"inLanguage\":\"de\",\"potentialAction\":[{\"@type\":\"ReadAction\",\"target\":[\"https:\/\/staging.zdenka-fojtl.de\/\"]}]},{\"@type\":\"BreadcrumbList\",\"@id\":\"https:\/\/staging.zdenka-fojtl.de\/#breadcrumb\",\"itemListElement\":[{\"@type\":\"ListItem\",\"position\":1,\"name\":\"Startseite\",\"item\":\"https:\/\/staging.zdenka-fojtl.de\/\"},{\"@type\":\"ListItem\",\"position\":2,\"name\":\"Start\"}]},{\"@type\":\"WebSite\",\"@id\":\"https:\/\/staging.zdenka-fojtl.de\/#website\",\"url\":\"https:\/\/staging.zdenka-fojtl.de\/\",\"name\":\"Zdenka Fojtl\",\"description\":\"\",\"potentialAction\":[{\"@type\":\"SearchAction\",\"target\":{\"@type\":\"EntryPoint\",\"urlTemplate\":\"https:\/\/staging.zdenka-fojtl.de\/?s={search_term_string}\"},\"query-input\":\"required name=search_term_string\"}],\"inLanguage\":\"de\"}]}<\/script>\n<!-- \/ Yoast SEO plugin. -->","yoast_head_json":{"title":"Start - Zdenka Fojtl","robots":{"index":"index","follow":"follow","max-snippet":"max-snippet:-1","max-image-preview":"max-image-preview:large","max-video-preview":"max-video-preview:-1"},"canonical":"https:\/\/staging.zdenka-fojtl.de\/","og_locale":"de_DE","og_type":"article","og_title":"Start - Zdenka Fojtl","og_description":"DOLMETSCHERDIENSTE Konferenzdolmetschen ( simultan und konsekutiv) Verhandlungsdolmetschen Gerichtsdolmetschen Beeidigt als Urkunden\u00fcbersetzerin und Verhandlungsdolmetscherinf\u00fcr die tschechische, slowakische und russische Sprachebeim Landgericht Heidelberg (Gesch\u00e4fts-Nr. E 313\/2 \u2013 468)","og_url":"https:\/\/staging.zdenka-fojtl.de\/","og_site_name":"Zdenka Fojtl","article_modified_time":"2023-10-27T10:24:21+00:00","twitter_card":"summary_large_image","schema":{"@context":"https:\/\/schema.org","@graph":[{"@type":"WebPage","@id":"https:\/\/staging.zdenka-fojtl.de\/","url":"https:\/\/staging.zdenka-fojtl.de\/","name":"Start - Zdenka Fojtl","isPartOf":{"@id":"https:\/\/staging.zdenka-fojtl.de\/#website"},"datePublished":"2023-10-24T06:59:17+00:00","dateModified":"2023-10-27T10:24:21+00:00","breadcrumb":{"@id":"https:\/\/staging.zdenka-fojtl.de\/#breadcrumb"},"inLanguage":"de","potentialAction":[{"@type":"ReadAction","target":["https:\/\/staging.zdenka-fojtl.de\/"]}]},{"@type":"BreadcrumbList","@id":"https:\/\/staging.zdenka-fojtl.de\/#breadcrumb","itemListElement":[{"@type":"ListItem","position":1,"name":"Startseite","item":"https:\/\/staging.zdenka-fojtl.de\/"},{"@type":"ListItem","position":2,"name":"Start"}]},{"@type":"WebSite","@id":"https:\/\/staging.zdenka-fojtl.de\/#website","url":"https:\/\/staging.zdenka-fojtl.de\/","name":"Zdenka Fojtl","description":"","potentialAction":[{"@type":"SearchAction","target":{"@type":"EntryPoint","urlTemplate":"https:\/\/staging.zdenka-fojtl.de\/?s={search_term_string}"},"query-input":"required name=search_term_string"}],"inLanguage":"de"}]}},"_links":{"self":[{"href":"https:\/\/staging.zdenka-fojtl.de\/index.php?rest_route=\/wp\/v2\/pages\/8","targetHints":{"allow":["GET"]}}],"collection":[{"href":"https:\/\/staging.zdenka-fojtl.de\/index.php?rest_route=\/wp\/v2\/pages"}],"about":[{"href":"https:\/\/staging.zdenka-fojtl.de\/index.php?rest_route=\/wp\/v2\/types\/page"}],"author":[{"embeddable":true,"href":"https:\/\/staging.zdenka-fojtl.de\/index.php?rest_route=\/wp\/v2\/users\/1"}],"replies":[{"embeddable":true,"href":"https:\/\/staging.zdenka-fojtl.de\/index.php?rest_route=%2Fwp%2Fv2%2Fcomments&post=8"}],"version-history":[{"count":13,"href":"https:\/\/staging.zdenka-fojtl.de\/index.php?rest_route=\/wp\/v2\/pages\/8\/revisions"}],"predecessor-version":[{"id":157,"href":"https:\/\/staging.zdenka-fojtl.de\/index.php?rest_route=\/wp\/v2\/pages\/8\/revisions\/157"}],"wp:attachment":[{"href":"https:\/\/staging.zdenka-fojtl.de\/index.php?rest_route=%2Fwp%2Fv2%2Fmedia&parent=8"}],"curies":[{"name":"wp","href":"https:\/\/api.w.org\/{rel}","templated":true}]}}