{"id":23,"date":"2023-10-24T12:01:54","date_gmt":"2023-10-24T12:01:54","guid":{"rendered":"https:\/\/staging.zdenka-fojtl.de\/?page_id=23"},"modified":"2023-10-27T10:21:10","modified_gmt":"2023-10-27T10:21:10","slug":"qualifikationen","status":"publish","type":"page","link":"https:\/\/staging.zdenka-fojtl.de\/?page_id=23","title":{"rendered":"Qualifikationen"},"content":{"rendered":"<div>\n<h2><strong>QUALIFIKATION<\/strong><\/h2>\n<p><b>Internationale Congress Akademie Karlsruhe, Abschluss:<\/b><br \/>Fachwirtin f\u00fcr die Kongress-, Tagungs- und Messewirtschaft<br \/>Pr\u00fcfung an der IHK Karlsruhe<\/p>\n<p>Beeidigt als Urkunden\u00fcbersetzerin und Verhandlungsdolmetscherin<br \/>f\u00fcr die tschechische, slowakische und russische Sprache<br \/>beim Landgericht Heidelberg (Gesch\u00e4fts-Nr. E 313\/2 \u2013 468).<\/p>\n<p><b>Karls-Universit\u00e4t Prag, Abschluss: <\/b><br \/>Magister, Lehramt Russisch und Englisch<\/p>\n<\/div>\n<p><!--more--><br \/>\n<!-- {\"type\":\"layout\",\"children\":[{\"type\":\"section\",\"props\":{\"height\":\"full\",\"image\":\"wp-content\\\/uploads\\\/2023\\\/10\\\/ZdenkaFojtl-Konferenzdolmetscherin-p2.jpg\",\"image_position\":\"top-left\",\"image_size\":\"contain\",\"overlap\":true,\"padding\":\"small\",\"padding_remove_horizontal\":false,\"style\":\"default\",\"title_breakpoint\":\"xl\",\"title_position\":\"top-left\",\"title_rotation\":\"left\",\"vertical_align\":\"\",\"width\":\"xlarge\",\"width_expand\":\"left\"},\"children\":[{\"type\":\"row\",\"props\":{\"layout\":\"1-3,2-3\"},\"children\":[{\"type\":\"column\",\"props\":{\"image_position\":\"center-center\",\"position_sticky_breakpoint\":\"m\",\"width_medium\":\"1-3\"}},{\"type\":\"column\",\"props\":{\"image_position\":\"center-center\",\"position_sticky_breakpoint\":\"m\",\"width_medium\":\"2-3\"},\"children\":[{\"type\":\"text\",\"props\":{\"column_breakpoint\":\"m\",\"content\":\"\n\n<h2><strong>QUALIFIKATION<\\\/strong><\\\/h2>\\n\n\n<p><b>Internationale Congress Akademie Karlsruhe, Abschluss:<\\\/b><br \\\/>Fachwirtin f\\u00fcr die Kongress-, Tagungs- und Messewirtschaft<br \\\/>Pr\\u00fcfung an der IHK Karlsruhe<\\\/p>\\n\n\n<p>Beeidigt als Urkunden\\u00fcbersetzerin und Verhandlungsdolmetscherin<br \\\/>f\\u00fcr die tschechische, slowakische und russische Sprache<br \\\/>beim Landgericht Heidelberg (Gesch\\u00e4fts-Nr. E 313\\\/2 \\u2013 468).<\\\/p>\\n\n\n<p><b>Karls-Universit\\u00e4t Prag, Abschluss: <\\\/b><br \\\/>Magister, Lehramt Russisch und Englisch<\\\/p>\",\"margin\":\"default\",\"text_color\":\"emphasis\"}}]}]}]}],\"version\":\"4.1.5\"} --><\/p>\n","protected":false},"excerpt":{"rendered":"<p>QUALIFIKATION Internationale Congress Akademie Karlsruhe, Abschluss:Fachwirtin f\u00fcr die Kongress-, Tagungs- und MessewirtschaftPr\u00fcfung an der IHK Karlsruhe Beeidigt als Urkunden\u00fcbersetzerin und Verhandlungsdolmetscherinf\u00fcr die tschechische, slowakische und russische Sprachebeim Landgericht Heidelberg (Gesch\u00e4fts-Nr. E 313\/2 \u2013 468). Karls-Universit\u00e4t Prag, Abschluss: Magister, Lehramt Russisch und Englisch<\/p>\n","protected":false},"author":2,"featured_media":0,"parent":0,"menu_order":0,"comment_status":"closed","ping_status":"closed","template":"","meta":{"footnotes":""},"class_list":["post-23","page","type-page","status-publish","hentry"],"yoast_head":"<!-- This site is optimized with the Yoast SEO plugin v21.4 - https:\/\/yoast.com\/wordpress\/plugins\/seo\/ -->\n<title>Qualifikationen - Zdenka Fojtl<\/title>\n<meta name=\"robots\" content=\"index, follow, max-snippet:-1, max-image-preview:large, max-video-preview:-1\" \/>\n<link rel=\"canonical\" href=\"https:\/\/staging.zdenka-fojtl.de\/?page_id=23\" \/>\n<meta property=\"og:locale\" content=\"de_DE\" \/>\n<meta property=\"og:type\" content=\"article\" \/>\n<meta property=\"og:title\" content=\"Qualifikationen - Zdenka Fojtl\" \/>\n<meta property=\"og:description\" content=\"QUALIFIKATION Internationale Congress Akademie Karlsruhe, Abschluss:Fachwirtin f\u00fcr die Kongress-, Tagungs- und MessewirtschaftPr\u00fcfung an der IHK Karlsruhe Beeidigt als Urkunden\u00fcbersetzerin und Verhandlungsdolmetscherinf\u00fcr die tschechische, slowakische und russische Sprachebeim Landgericht Heidelberg (Gesch\u00e4fts-Nr. E 313\/2 \u2013 468). Karls-Universit\u00e4t Prag, Abschluss: Magister, Lehramt Russisch und Englisch\" \/>\n<meta property=\"og:url\" content=\"https:\/\/staging.zdenka-fojtl.de\/?page_id=23\" \/>\n<meta property=\"og:site_name\" content=\"Zdenka Fojtl\" \/>\n<meta property=\"article:modified_time\" content=\"2023-10-27T10:21:10+00:00\" \/>\n<meta name=\"twitter:card\" content=\"summary_large_image\" \/>\n<script type=\"application\/ld+json\" class=\"yoast-schema-graph\">{\"@context\":\"https:\/\/schema.org\",\"@graph\":[{\"@type\":\"WebPage\",\"@id\":\"https:\/\/staging.zdenka-fojtl.de\/?page_id=23\",\"url\":\"https:\/\/staging.zdenka-fojtl.de\/?page_id=23\",\"name\":\"Qualifikationen - Zdenka Fojtl\",\"isPartOf\":{\"@id\":\"https:\/\/staging.zdenka-fojtl.de\/#website\"},\"datePublished\":\"2023-10-24T12:01:54+00:00\",\"dateModified\":\"2023-10-27T10:21:10+00:00\",\"breadcrumb\":{\"@id\":\"https:\/\/staging.zdenka-fojtl.de\/?page_id=23#breadcrumb\"},\"inLanguage\":\"de\",\"potentialAction\":[{\"@type\":\"ReadAction\",\"target\":[\"https:\/\/staging.zdenka-fojtl.de\/?page_id=23\"]}]},{\"@type\":\"BreadcrumbList\",\"@id\":\"https:\/\/staging.zdenka-fojtl.de\/?page_id=23#breadcrumb\",\"itemListElement\":[{\"@type\":\"ListItem\",\"position\":1,\"name\":\"Startseite\",\"item\":\"https:\/\/staging.zdenka-fojtl.de\/\"},{\"@type\":\"ListItem\",\"position\":2,\"name\":\"Qualifikationen\"}]},{\"@type\":\"WebSite\",\"@id\":\"https:\/\/staging.zdenka-fojtl.de\/#website\",\"url\":\"https:\/\/staging.zdenka-fojtl.de\/\",\"name\":\"Zdenka Fojtl\",\"description\":\"\",\"potentialAction\":[{\"@type\":\"SearchAction\",\"target\":{\"@type\":\"EntryPoint\",\"urlTemplate\":\"https:\/\/staging.zdenka-fojtl.de\/?s={search_term_string}\"},\"query-input\":\"required name=search_term_string\"}],\"inLanguage\":\"de\"}]}<\/script>\n<!-- \/ Yoast SEO plugin. -->","yoast_head_json":{"title":"Qualifikationen - Zdenka Fojtl","robots":{"index":"index","follow":"follow","max-snippet":"max-snippet:-1","max-image-preview":"max-image-preview:large","max-video-preview":"max-video-preview:-1"},"canonical":"https:\/\/staging.zdenka-fojtl.de\/?page_id=23","og_locale":"de_DE","og_type":"article","og_title":"Qualifikationen - Zdenka Fojtl","og_description":"QUALIFIKATION Internationale Congress Akademie Karlsruhe, Abschluss:Fachwirtin f\u00fcr die Kongress-, Tagungs- und MessewirtschaftPr\u00fcfung an der IHK Karlsruhe Beeidigt als Urkunden\u00fcbersetzerin und Verhandlungsdolmetscherinf\u00fcr die tschechische, slowakische und russische Sprachebeim Landgericht Heidelberg (Gesch\u00e4fts-Nr. E 313\/2 \u2013 468). Karls-Universit\u00e4t Prag, Abschluss: Magister, Lehramt Russisch und Englisch","og_url":"https:\/\/staging.zdenka-fojtl.de\/?page_id=23","og_site_name":"Zdenka Fojtl","article_modified_time":"2023-10-27T10:21:10+00:00","twitter_card":"summary_large_image","schema":{"@context":"https:\/\/schema.org","@graph":[{"@type":"WebPage","@id":"https:\/\/staging.zdenka-fojtl.de\/?page_id=23","url":"https:\/\/staging.zdenka-fojtl.de\/?page_id=23","name":"Qualifikationen - Zdenka Fojtl","isPartOf":{"@id":"https:\/\/staging.zdenka-fojtl.de\/#website"},"datePublished":"2023-10-24T12:01:54+00:00","dateModified":"2023-10-27T10:21:10+00:00","breadcrumb":{"@id":"https:\/\/staging.zdenka-fojtl.de\/?page_id=23#breadcrumb"},"inLanguage":"de","potentialAction":[{"@type":"ReadAction","target":["https:\/\/staging.zdenka-fojtl.de\/?page_id=23"]}]},{"@type":"BreadcrumbList","@id":"https:\/\/staging.zdenka-fojtl.de\/?page_id=23#breadcrumb","itemListElement":[{"@type":"ListItem","position":1,"name":"Startseite","item":"https:\/\/staging.zdenka-fojtl.de\/"},{"@type":"ListItem","position":2,"name":"Qualifikationen"}]},{"@type":"WebSite","@id":"https:\/\/staging.zdenka-fojtl.de\/#website","url":"https:\/\/staging.zdenka-fojtl.de\/","name":"Zdenka Fojtl","description":"","potentialAction":[{"@type":"SearchAction","target":{"@type":"EntryPoint","urlTemplate":"https:\/\/staging.zdenka-fojtl.de\/?s={search_term_string}"},"query-input":"required name=search_term_string"}],"inLanguage":"de"}]}},"_links":{"self":[{"href":"https:\/\/staging.zdenka-fojtl.de\/index.php?rest_route=\/wp\/v2\/pages\/23","targetHints":{"allow":["GET"]}}],"collection":[{"href":"https:\/\/staging.zdenka-fojtl.de\/index.php?rest_route=\/wp\/v2\/pages"}],"about":[{"href":"https:\/\/staging.zdenka-fojtl.de\/index.php?rest_route=\/wp\/v2\/types\/page"}],"author":[{"embeddable":true,"href":"https:\/\/staging.zdenka-fojtl.de\/index.php?rest_route=\/wp\/v2\/users\/2"}],"replies":[{"embeddable":true,"href":"https:\/\/staging.zdenka-fojtl.de\/index.php?rest_route=%2Fwp%2Fv2%2Fcomments&post=23"}],"version-history":[{"count":10,"href":"https:\/\/staging.zdenka-fojtl.de\/index.php?rest_route=\/wp\/v2\/pages\/23\/revisions"}],"predecessor-version":[{"id":155,"href":"https:\/\/staging.zdenka-fojtl.de\/index.php?rest_route=\/wp\/v2\/pages\/23\/revisions\/155"}],"wp:attachment":[{"href":"https:\/\/staging.zdenka-fojtl.de\/index.php?rest_route=%2Fwp%2Fv2%2Fmedia&parent=23"}],"curies":[{"name":"wp","href":"https:\/\/api.w.org\/{rel}","templated":true}]}}